{"id":7838,"date":"2025-11-05T12:16:42","date_gmt":"2025-11-05T12:16:42","guid":{"rendered":"https:\/\/shinemusicshop.com\/product\/hohner-bravo-iii\/"},"modified":"2025-12-22T12:57:55","modified_gmt":"2025-12-22T12:57:55","slug":"hohner-bravo-iii","status":"publish","type":"product","link":"https:\/\/shinemusicshop.com\/de\/product\/hohner-bravo-iii\/","title":{"rendered":"Hohner Bravo III"},"content":{"rendered":"<p>El Bravo III 120 es el m\u00e1s grande de la serie Bravo, ofrece todo lo que tambi\u00e9n ofrece un acorde\u00f3n profesional. Con un sonido rico y din\u00e1mico y una poderosa base de sonido gracias a los 120 bajos est\u00e1ndar, puede tocar todo, desde jazz hasta polka, desde rock hasta cl\u00e1sico. El Bravo III 120 es un compa\u00f1ero fiable para sus exploraciones en el mundo del acorde\u00f3n.<br \/>\nInstrumentos<br \/>\nComunidad<br \/>\nEducaci\u00f3n<\/p>\n<p>Compa\u00f1\u00eda<br \/>\nServicio<br \/>\nDistribuidores<\/p>\n<p>Espa\u00f1ol<\/p>\n<p>Serie Bravo<\/p>\n<p>Bravo III 120<\/p>\n<p>\u3008 Bravo III 96Bravo I 49F \u3009<br \/>\nEl ni\u00f1o grande para los principiantes<br \/>\nEl Bravo III 120 es el m\u00e1s grande de la serie Bravo, ofrece todo lo que tambi\u00e9n ofrece un acorde\u00f3n profesional. Con un sonido rico y din\u00e1mico y una poderosa base de sonido gracias a los 120 bajos est\u00e1ndar, puede tocar todo, desde jazz hasta polka, desde rock hasta cl\u00e1sico. El Bravo III 120 es un compa\u00f1ero fiable para sus exploraciones en el mundo del acorde\u00f3n.<\/p>\n<p>CARACTER\u00cdSTICAS<br \/>\nNULL<br \/>\nSilentKey<br \/>\nEl nuevo dise\u00f1o de montaje de las teclas minimiza los molestos ruidos de las mismas<\/p>\n<p>NULL<br \/>\nNueva rejilla de agudos<br \/>\nPara un dise\u00f1o m\u00e1s moderno y elegante<\/p>\n<p>NULL<br \/>\nMecanismo de graves optimizado<br \/>\nGarantiza un funcionamiento casi sin desgaste de las palancas de los dedos<\/p>\n<p>ESPECIFICACIONES<br \/>\nTeclas tipo piano:\t41<br \/>\nN\u00famero de notas:\t41, F \u2013 A<br \/>\nClase:\tcrom\u00e1tico<br \/>\nVoces:\t3<br \/>\nN\u00famero de registros:\t7<br \/>\nColores de tono:\t5<br \/>\nBajos est\u00e1ndar:\t120<br \/>\nVoces de bajo est\u00e1ndar:\t4<br \/>\nRegistros de bajo est\u00e1ndar:\t3<br \/>\nTama\u00f1o:\t48 x 18,5 cm<br \/>\nPeso:\t9,2 kg<br \/>\nColor:\tnegro, rojo, blanco, azul<br \/>\nCalidad de la placa de leng\u00fcetas:\test\u00e1ndar<\/p>\n","protected":false},"excerpt":{"rendered":"<p>Hohner Bravo III<\/p>\n<p>El Bravo III 120 es el m\u00e1s grande de la serie Bravo, ofrece todo lo que tambi\u00e9n ofrece un acorde\u00f3n profesional. Con un sonido ric&#8230;<\/p>\n","protected":false},"featured_media":944,"template":"","meta":{"_acf_changed":false},"product_brand":[],"product_cat":[163],"product_tag":[],"class_list":{"0":"post-7838","1":"product","2":"type-product","3":"status-publish","4":"has-post-thumbnail","6":"product_cat-default","8":"first","9":"instock","10":"shipping-taxable","11":"product-type-variable"},"acf":[],"yoast_head":"<!-- This site is optimized with the Yoast SEO plugin v27.0 - https:\/\/yoast.com\/product\/yoast-seo-wordpress\/ -->\n<title>Hohner Bravo III - \u2b50 Shine Music Shop | Instruments New and Second Hand<\/title>\n<meta name=\"robots\" content=\"index, follow, max-snippet:-1, max-image-preview:large, max-video-preview:-1\" \/>\n<link rel=\"canonical\" href=\"https:\/\/shinemusicshop.com\/de\/product\/hohner-bravo-iii\/\" \/>\n<meta property=\"og:locale\" content=\"de_DE\" \/>\n<meta property=\"og:type\" content=\"article\" \/>\n<meta property=\"og:title\" content=\"Hohner Bravo III - \u2b50 Shine Music Shop | Instruments New and Second Hand\" \/>\n<meta property=\"og:description\" content=\"Hohner Bravo III El Bravo III 120 es el m\u00e1s grande de la serie Bravo, ofrece todo lo que tambi\u00e9n ofrece un acorde\u00f3n profesional. Con un sonido ric...\" \/>\n<meta property=\"og:url\" content=\"https:\/\/shinemusicshop.com\/de\/product\/hohner-bravo-iii\/\" \/>\n<meta property=\"og:site_name\" content=\"\u2b50 Shine Music Shop | Instruments New and Second Hand\" \/>\n<meta property=\"article:publisher\" content=\"https:\/\/www.facebook.com\/themusicroombcn\" \/>\n<meta property=\"article:modified_time\" content=\"2025-12-22T12:57:55+00:00\" \/>\n<meta property=\"og:image\" content=\"https:\/\/shinemusicshop.com\/wp-content\/uploads\/2025\/05\/placeholder.png\" \/>\n\t<meta property=\"og:image:width\" content=\"1640\" \/>\n\t<meta property=\"og:image:height\" content=\"1640\" \/>\n\t<meta property=\"og:image:type\" content=\"image\/png\" \/>\n<meta name=\"twitter:card\" content=\"summary_large_image\" \/>\n<meta name=\"twitter:label1\" content=\"Gesch\u00e4tzte Lesezeit\" \/>\n\t<meta name=\"twitter:data1\" content=\"1\u00a0Minute\" \/>\n<script type=\"application\/ld+json\" class=\"yoast-schema-graph\">{\"@context\":\"https:\/\/schema.org\",\"@graph\":[{\"@type\":\"WebPage\",\"@id\":\"https:\/\/shinemusicshop.com\/de\/product\/hohner-bravo-iii\/\",\"url\":\"https:\/\/shinemusicshop.com\/de\/product\/hohner-bravo-iii\/\",\"name\":\"Hohner Bravo III - \u2b50 Shine Music Shop | Instruments New and Second Hand\",\"isPartOf\":{\"@id\":\"https:\/\/shinemusicshop.com\/de\/#website\"},\"primaryImageOfPage\":{\"@id\":\"https:\/\/shinemusicshop.com\/de\/product\/hohner-bravo-iii\/#primaryimage\"},\"image\":{\"@id\":\"https:\/\/shinemusicshop.com\/de\/product\/hohner-bravo-iii\/#primaryimage\"},\"thumbnailUrl\":\"https:\/\/shinemusicshop.com\/wp-content\/uploads\/2025\/05\/placeholder.png\",\"datePublished\":\"2025-11-05T12:16:42+00:00\",\"dateModified\":\"2025-12-22T12:57:55+00:00\",\"breadcrumb\":{\"@id\":\"https:\/\/shinemusicshop.com\/de\/product\/hohner-bravo-iii\/#breadcrumb\"},\"inLanguage\":\"de\",\"potentialAction\":[{\"@type\":\"ReadAction\",\"target\":[\"https:\/\/shinemusicshop.com\/de\/product\/hohner-bravo-iii\/\"]}]},{\"@type\":\"ImageObject\",\"inLanguage\":\"de\",\"@id\":\"https:\/\/shinemusicshop.com\/de\/product\/hohner-bravo-iii\/#primaryimage\",\"url\":\"https:\/\/shinemusicshop.com\/wp-content\/uploads\/2025\/05\/placeholder.png\",\"contentUrl\":\"https:\/\/shinemusicshop.com\/wp-content\/uploads\/2025\/05\/placeholder.png\",\"width\":1640,\"height\":1640,\"caption\":\"Placeholder\"},{\"@type\":\"BreadcrumbList\",\"@id\":\"https:\/\/shinemusicshop.com\/de\/product\/hohner-bravo-iii\/#breadcrumb\",\"itemListElement\":[{\"@type\":\"ListItem\",\"position\":1,\"name\":\"Home\",\"item\":\"https:\/\/shinemusicshop.com\/de\/\"},{\"@type\":\"ListItem\",\"position\":2,\"name\":\"Shop Products\",\"item\":\"https:\/\/shinemusicshop.com\/shop\/\"},{\"@type\":\"ListItem\",\"position\":3,\"name\":\"Hohner Bravo III\"}]},{\"@type\":\"WebSite\",\"@id\":\"https:\/\/shinemusicshop.com\/de\/#website\",\"url\":\"https:\/\/shinemusicshop.com\/de\/\",\"name\":\"\u2b50 Shine Music Shop | Instruments New and Second Hand\",\"description\":\"\",\"potentialAction\":[{\"@type\":\"SearchAction\",\"target\":{\"@type\":\"EntryPoint\",\"urlTemplate\":\"https:\/\/shinemusicshop.com\/de\/?s={search_term_string}\"},\"query-input\":{\"@type\":\"PropertyValueSpecification\",\"valueRequired\":true,\"valueName\":\"search_term_string\"}}],\"inLanguage\":\"de\"}]}<\/script>\n<!-- \/ Yoast SEO plugin. -->","yoast_head_json":{"title":"Hohner Bravo III - \u2b50 Shine Music Shop | Instruments New and Second Hand","robots":{"index":"index","follow":"follow","max-snippet":"max-snippet:-1","max-image-preview":"max-image-preview:large","max-video-preview":"max-video-preview:-1"},"canonical":"https:\/\/shinemusicshop.com\/de\/product\/hohner-bravo-iii\/","og_locale":"de_DE","og_type":"article","og_title":"Hohner Bravo III - \u2b50 Shine Music Shop | Instruments New and Second Hand","og_description":"Hohner Bravo III El Bravo III 120 es el m\u00e1s grande de la serie Bravo, ofrece todo lo que tambi\u00e9n ofrece un acorde\u00f3n profesional. Con un sonido ric...","og_url":"https:\/\/shinemusicshop.com\/de\/product\/hohner-bravo-iii\/","og_site_name":"\u2b50 Shine Music Shop | Instruments New and Second Hand","article_publisher":"https:\/\/www.facebook.com\/themusicroombcn","article_modified_time":"2025-12-22T12:57:55+00:00","og_image":[{"width":1640,"height":1640,"url":"https:\/\/shinemusicshop.com\/wp-content\/uploads\/2025\/05\/placeholder.png","type":"image\/png"}],"twitter_card":"summary_large_image","twitter_misc":{"Gesch\u00e4tzte Lesezeit":"1\u00a0Minute"},"schema":{"@context":"https:\/\/schema.org","@graph":[{"@type":"WebPage","@id":"https:\/\/shinemusicshop.com\/de\/product\/hohner-bravo-iii\/","url":"https:\/\/shinemusicshop.com\/de\/product\/hohner-bravo-iii\/","name":"Hohner Bravo III - \u2b50 Shine Music Shop | Instruments New and Second Hand","isPartOf":{"@id":"https:\/\/shinemusicshop.com\/de\/#website"},"primaryImageOfPage":{"@id":"https:\/\/shinemusicshop.com\/de\/product\/hohner-bravo-iii\/#primaryimage"},"image":{"@id":"https:\/\/shinemusicshop.com\/de\/product\/hohner-bravo-iii\/#primaryimage"},"thumbnailUrl":"https:\/\/shinemusicshop.com\/wp-content\/uploads\/2025\/05\/placeholder.png","datePublished":"2025-11-05T12:16:42+00:00","dateModified":"2025-12-22T12:57:55+00:00","breadcrumb":{"@id":"https:\/\/shinemusicshop.com\/de\/product\/hohner-bravo-iii\/#breadcrumb"},"inLanguage":"de","potentialAction":[{"@type":"ReadAction","target":["https:\/\/shinemusicshop.com\/de\/product\/hohner-bravo-iii\/"]}]},{"@type":"ImageObject","inLanguage":"de","@id":"https:\/\/shinemusicshop.com\/de\/product\/hohner-bravo-iii\/#primaryimage","url":"https:\/\/shinemusicshop.com\/wp-content\/uploads\/2025\/05\/placeholder.png","contentUrl":"https:\/\/shinemusicshop.com\/wp-content\/uploads\/2025\/05\/placeholder.png","width":1640,"height":1640,"caption":"Placeholder"},{"@type":"BreadcrumbList","@id":"https:\/\/shinemusicshop.com\/de\/product\/hohner-bravo-iii\/#breadcrumb","itemListElement":[{"@type":"ListItem","position":1,"name":"Home","item":"https:\/\/shinemusicshop.com\/de\/"},{"@type":"ListItem","position":2,"name":"Shop Products","item":"https:\/\/shinemusicshop.com\/shop\/"},{"@type":"ListItem","position":3,"name":"Hohner Bravo III"}]},{"@type":"WebSite","@id":"https:\/\/shinemusicshop.com\/de\/#website","url":"https:\/\/shinemusicshop.com\/de\/","name":"\u2b50 Shine Music Shop | Instruments New and Second Hand","description":"","potentialAction":[{"@type":"SearchAction","target":{"@type":"EntryPoint","urlTemplate":"https:\/\/shinemusicshop.com\/de\/?s={search_term_string}"},"query-input":{"@type":"PropertyValueSpecification","valueRequired":true,"valueName":"search_term_string"}}],"inLanguage":"de"}]}},"_links":{"self":[{"href":"https:\/\/shinemusicshop.com\/de\/wp-json\/wp\/v2\/product\/7838","targetHints":{"allow":["GET"]}}],"collection":[{"href":"https:\/\/shinemusicshop.com\/de\/wp-json\/wp\/v2\/product"}],"about":[{"href":"https:\/\/shinemusicshop.com\/de\/wp-json\/wp\/v2\/types\/product"}],"wp:featuredmedia":[{"embeddable":true,"href":"https:\/\/shinemusicshop.com\/de\/wp-json\/wp\/v2\/media\/944"}],"wp:attachment":[{"href":"https:\/\/shinemusicshop.com\/de\/wp-json\/wp\/v2\/media?parent=7838"}],"wp:term":[{"taxonomy":"product_brand","embeddable":true,"href":"https:\/\/shinemusicshop.com\/de\/wp-json\/wp\/v2\/product_brand?post=7838"},{"taxonomy":"product_cat","embeddable":true,"href":"https:\/\/shinemusicshop.com\/de\/wp-json\/wp\/v2\/product_cat?post=7838"},{"taxonomy":"product_tag","embeddable":true,"href":"https:\/\/shinemusicshop.com\/de\/wp-json\/wp\/v2\/product_tag?post=7838"}],"curies":[{"name":"wp","href":"https:\/\/api.w.org\/{rel}","templated":true}]}}