{"id":8133,"date":"2025-11-11T18:54:29","date_gmt":"2025-11-11T18:54:29","guid":{"rendered":"https:\/\/shinemusicshop.com\/product\/korg-ek50-l-2\/"},"modified":"2025-12-22T13:08:44","modified_gmt":"2025-12-22T13:08:44","slug":"korg-ek50-l-2","status":"publish","type":"product","link":"https:\/\/shinemusicshop.com\/es\/product\/korg-ek50-l-2\/","title":{"rendered":"Korg EK50 L"},"content":{"rendered":"<p>The Korg EK-50 L entertains with its 61 velocity-sensitive keys and straightforward arranger design, turning simple chord progressions into full-band performances via 290 versatile styles that span pop, rock, jazz, and fresh dance music presets. It houses 790 onboard sounds and 59 drum kits, all backed by 64-note polyphony for smooth layering, plus four stereo effects like reverb and chorus to refine your output with professional polish. Dual 10-watt speakers pump out enhanced volume\u2014twice that of the standard model\u2014filling rooms without extra gear, while USB host and device ports enable easy MIDI integration, song recording, and playback of WAV or MP3 files directly from a thumb drive. A backlit LCD and intuitive controls, including a joystick for pitch bend, make navigation a breeze for hobbyists or live entertainers alike. Renting this portable powerhouse at a modest fee unlocks endless creative possibilities, whether you&#8217;re practicing at home or lighting up a small venue. acabado de goma negra que no solo es elegante, sino tambi\u00e9n duradero y resistente al desgaste.<\/p>\n<p>El EK-50 L ofrece un disfrute ilimitado y el mejor sonido de su clase con inmediatez y facilidad. Con el acompa\u00f1amiento autom\u00e1tico para convertir instant\u00e1neamente su interpretaci\u00f3n en un conjunto completo, el EK-50 se ha convertido en un instrumento de referencia tanto para principiantes como para jugadores avanzados. El EK50 L tiene las mismas excelentes caracter\u00edsticas, pero duplica la potencia de los altavoces. Tiene un sistema de altavoces especialmente dise\u00f1ado que puede entregar el doble de volumen que el EK-50, por lo que no tiene que depender de un sistema de megafon\u00eda. Al igual que el EK-50, puede funcionar con bater\u00edas, por lo que es f\u00e1cil llevarlo a la carretera por su rendimiento.<\/p>\n<p>Para que coincida con los altavoces de mayor potencia, el EK-50 L presenta un acabado de goma negra que agrega durabilidad y presenta impresi\u00f3n de panel en dos colores para una f\u00e1cil visualizaci\u00f3n: rojo y blanco. Al cambiar estilos o rellenos, o al usar las funciones de conjunto, la mayor legibilidad del panel permite a los usuarios navegar magistralmente su desempe\u00f1o. Adem\u00e1s de la amplia gama de sonidos que ya est\u00e1n en el EK-50, EK-50 L agrega nuevos sonidos y estilos de acompa\u00f1amiento. Recientemente se agregaron 87 sonidos preestablecidos, 18 kits de bater\u00eda preestablecidos y 24 conjuntos de teclado que combinan cada uno cuatro partes. Estas adiciones complementan los preajustes del EK-50 para poner m\u00e1s sonidos al alcance de su mano. Tambi\u00e9n se agregan 10 estilos de patrones de respaldo. Las nuevas incorporaciones de sonido enfatizan los estilos de m\u00fasica dance m\u00e1s actuales y modernos.<\/p>\n<p>El EK-50 L viene con un paquete completo de software de m\u00fasica. \u00abOzone Elements\u00bb no solo te permite crear canciones, sino que tambi\u00e9n cuenta con masterizaci\u00f3n basada en inteligencia artificial, \u00abSkoove\u00bb te ayuda a mejorar tus habilidades con el teclado y \u00abReason Lite\u00bb es una DAW (estaci\u00f3n de trabajo de audio digital) para que puedas comenzar a grabar tu propia m\u00fasica. Tambi\u00e9n se incluyen sintetizadores de software de KORG y otras marcas.<\/p>\n","protected":false},"excerpt":{"rendered":"<p>Korg EK50 L<\/p>\n<p>The Korg EK-50 L entertains with its 61 velocity-sensitive keys and straightforward arranger design, turning simple chord progressions in&#8230;<\/p>\n","protected":false},"featured_media":8247,"template":"","meta":{"_acf_changed":false},"product_brand":[],"product_cat":[163],"product_tag":[],"class_list":{"0":"post-8133","1":"product","2":"type-product","3":"status-publish","4":"has-post-thumbnail","6":"product_cat-default","8":"first","9":"instock","10":"shipping-taxable","11":"purchasable","12":"product-type-variable"},"acf":[],"yoast_head":"<!-- This site is optimized with the Yoast SEO plugin v27.0 - https:\/\/yoast.com\/product\/yoast-seo-wordpress\/ -->\n<title>Korg EK50 L - \u2b50 Shine Music Shop | Instruments New and Second Hand<\/title>\n<meta name=\"robots\" content=\"index, follow, max-snippet:-1, max-image-preview:large, max-video-preview:-1\" \/>\n<link rel=\"canonical\" href=\"https:\/\/shinemusicshop.com\/es\/product\/korg-ek50-l-2\/\" \/>\n<meta property=\"og:locale\" content=\"es_ES\" \/>\n<meta property=\"og:type\" content=\"article\" \/>\n<meta property=\"og:title\" content=\"Korg EK50 L - \u2b50 Shine Music Shop | Instruments New and Second Hand\" \/>\n<meta property=\"og:description\" content=\"Korg EK50 L The Korg EK-50 L entertains with its 61 velocity-sensitive keys and straightforward arranger design, turning simple chord progressions in...\" \/>\n<meta property=\"og:url\" content=\"https:\/\/shinemusicshop.com\/es\/product\/korg-ek50-l-2\/\" \/>\n<meta property=\"og:site_name\" content=\"\u2b50 Shine Music Shop | Instruments New and Second Hand\" \/>\n<meta property=\"article:publisher\" content=\"https:\/\/www.facebook.com\/themusicroombcn\" \/>\n<meta property=\"article:modified_time\" content=\"2025-12-22T13:08:44+00:00\" \/>\n<meta property=\"og:image\" content=\"https:\/\/shinemusicshop.com\/wp-content\/uploads\/2025\/11\/korg_ek50_l_front_view_1-1762873657272.jpg\" \/>\n\t<meta property=\"og:image:width\" content=\"798\" \/>\n\t<meta property=\"og:image:height\" content=\"792\" \/>\n\t<meta property=\"og:image:type\" content=\"image\/jpeg\" \/>\n<meta name=\"twitter:card\" content=\"summary_large_image\" \/>\n<meta name=\"twitter:label1\" content=\"Tiempo de lectura\" \/>\n\t<meta name=\"twitter:data1\" content=\"3 minutos\" \/>\n<script type=\"application\/ld+json\" class=\"yoast-schema-graph\">{\"@context\":\"https:\/\/schema.org\",\"@graph\":[{\"@type\":\"WebPage\",\"@id\":\"https:\/\/shinemusicshop.com\/es\/product\/korg-ek50-l-2\/\",\"url\":\"https:\/\/shinemusicshop.com\/es\/product\/korg-ek50-l-2\/\",\"name\":\"Korg EK50 L - \u2b50 Shine Music Shop | Instruments New and Second Hand\",\"isPartOf\":{\"@id\":\"https:\/\/shinemusicshop.com\/es\/#website\"},\"primaryImageOfPage\":{\"@id\":\"https:\/\/shinemusicshop.com\/es\/product\/korg-ek50-l-2\/#primaryimage\"},\"image\":{\"@id\":\"https:\/\/shinemusicshop.com\/es\/product\/korg-ek50-l-2\/#primaryimage\"},\"thumbnailUrl\":\"https:\/\/shinemusicshop.com\/wp-content\/uploads\/2025\/11\/korg_ek50_l_back_view_1.jpg\",\"datePublished\":\"2025-11-11T18:54:29+00:00\",\"dateModified\":\"2025-12-22T13:08:44+00:00\",\"breadcrumb\":{\"@id\":\"https:\/\/shinemusicshop.com\/es\/product\/korg-ek50-l-2\/#breadcrumb\"},\"inLanguage\":\"es\",\"potentialAction\":[{\"@type\":\"ReadAction\",\"target\":[\"https:\/\/shinemusicshop.com\/es\/product\/korg-ek50-l-2\/\"]}]},{\"@type\":\"ImageObject\",\"inLanguage\":\"es\",\"@id\":\"https:\/\/shinemusicshop.com\/es\/product\/korg-ek50-l-2\/#primaryimage\",\"url\":\"https:\/\/shinemusicshop.com\/wp-content\/uploads\/2025\/11\/korg_ek50_l_back_view_1.jpg\",\"contentUrl\":\"https:\/\/shinemusicshop.com\/wp-content\/uploads\/2025\/11\/korg_ek50_l_back_view_1.jpg\",\"width\":800,\"height\":800,\"caption\":\"Korg Ek50 L Back View 1\"},{\"@type\":\"BreadcrumbList\",\"@id\":\"https:\/\/shinemusicshop.com\/es\/product\/korg-ek50-l-2\/#breadcrumb\",\"itemListElement\":[{\"@type\":\"ListItem\",\"position\":1,\"name\":\"Home\",\"item\":\"https:\/\/shinemusicshop.com\/es\/\"},{\"@type\":\"ListItem\",\"position\":2,\"name\":\"Tienda\",\"item\":\"https:\/\/shinemusicshop.com\/shop\/\"},{\"@type\":\"ListItem\",\"position\":3,\"name\":\"Korg EK50 L\"}]},{\"@type\":\"WebSite\",\"@id\":\"https:\/\/shinemusicshop.com\/es\/#website\",\"url\":\"https:\/\/shinemusicshop.com\/es\/\",\"name\":\"\u2b50 Shine Music Shop | Instruments New and Second Hand\",\"description\":\"\",\"potentialAction\":[{\"@type\":\"SearchAction\",\"target\":{\"@type\":\"EntryPoint\",\"urlTemplate\":\"https:\/\/shinemusicshop.com\/es\/?s={search_term_string}\"},\"query-input\":{\"@type\":\"PropertyValueSpecification\",\"valueRequired\":true,\"valueName\":\"search_term_string\"}}],\"inLanguage\":\"es\"}]}<\/script>\n<!-- \/ Yoast SEO plugin. -->","yoast_head_json":{"title":"Korg EK50 L - \u2b50 Shine Music Shop | Instruments New and Second Hand","robots":{"index":"index","follow":"follow","max-snippet":"max-snippet:-1","max-image-preview":"max-image-preview:large","max-video-preview":"max-video-preview:-1"},"canonical":"https:\/\/shinemusicshop.com\/es\/product\/korg-ek50-l-2\/","og_locale":"es_ES","og_type":"article","og_title":"Korg EK50 L - \u2b50 Shine Music Shop | Instruments New and Second Hand","og_description":"Korg EK50 L The Korg EK-50 L entertains with its 61 velocity-sensitive keys and straightforward arranger design, turning simple chord progressions in...","og_url":"https:\/\/shinemusicshop.com\/es\/product\/korg-ek50-l-2\/","og_site_name":"\u2b50 Shine Music Shop | Instruments New and Second Hand","article_publisher":"https:\/\/www.facebook.com\/themusicroombcn","article_modified_time":"2025-12-22T13:08:44+00:00","og_image":[{"width":798,"height":792,"url":"https:\/\/shinemusicshop.com\/wp-content\/uploads\/2025\/11\/korg_ek50_l_front_view_1-1762873657272.jpg","type":"image\/jpeg"}],"twitter_card":"summary_large_image","twitter_misc":{"Tiempo de lectura":"3 minutos"},"schema":{"@context":"https:\/\/schema.org","@graph":[{"@type":"WebPage","@id":"https:\/\/shinemusicshop.com\/es\/product\/korg-ek50-l-2\/","url":"https:\/\/shinemusicshop.com\/es\/product\/korg-ek50-l-2\/","name":"Korg EK50 L - \u2b50 Shine Music Shop | Instruments New and Second Hand","isPartOf":{"@id":"https:\/\/shinemusicshop.com\/es\/#website"},"primaryImageOfPage":{"@id":"https:\/\/shinemusicshop.com\/es\/product\/korg-ek50-l-2\/#primaryimage"},"image":{"@id":"https:\/\/shinemusicshop.com\/es\/product\/korg-ek50-l-2\/#primaryimage"},"thumbnailUrl":"https:\/\/shinemusicshop.com\/wp-content\/uploads\/2025\/11\/korg_ek50_l_back_view_1.jpg","datePublished":"2025-11-11T18:54:29+00:00","dateModified":"2025-12-22T13:08:44+00:00","breadcrumb":{"@id":"https:\/\/shinemusicshop.com\/es\/product\/korg-ek50-l-2\/#breadcrumb"},"inLanguage":"es","potentialAction":[{"@type":"ReadAction","target":["https:\/\/shinemusicshop.com\/es\/product\/korg-ek50-l-2\/"]}]},{"@type":"ImageObject","inLanguage":"es","@id":"https:\/\/shinemusicshop.com\/es\/product\/korg-ek50-l-2\/#primaryimage","url":"https:\/\/shinemusicshop.com\/wp-content\/uploads\/2025\/11\/korg_ek50_l_back_view_1.jpg","contentUrl":"https:\/\/shinemusicshop.com\/wp-content\/uploads\/2025\/11\/korg_ek50_l_back_view_1.jpg","width":800,"height":800,"caption":"Korg Ek50 L Back View 1"},{"@type":"BreadcrumbList","@id":"https:\/\/shinemusicshop.com\/es\/product\/korg-ek50-l-2\/#breadcrumb","itemListElement":[{"@type":"ListItem","position":1,"name":"Home","item":"https:\/\/shinemusicshop.com\/es\/"},{"@type":"ListItem","position":2,"name":"Tienda","item":"https:\/\/shinemusicshop.com\/shop\/"},{"@type":"ListItem","position":3,"name":"Korg EK50 L"}]},{"@type":"WebSite","@id":"https:\/\/shinemusicshop.com\/es\/#website","url":"https:\/\/shinemusicshop.com\/es\/","name":"\u2b50 Shine Music Shop | Instruments New and Second Hand","description":"","potentialAction":[{"@type":"SearchAction","target":{"@type":"EntryPoint","urlTemplate":"https:\/\/shinemusicshop.com\/es\/?s={search_term_string}"},"query-input":{"@type":"PropertyValueSpecification","valueRequired":true,"valueName":"search_term_string"}}],"inLanguage":"es"}]}},"_links":{"self":[{"href":"https:\/\/shinemusicshop.com\/es\/wp-json\/wp\/v2\/product\/8133","targetHints":{"allow":["GET"]}}],"collection":[{"href":"https:\/\/shinemusicshop.com\/es\/wp-json\/wp\/v2\/product"}],"about":[{"href":"https:\/\/shinemusicshop.com\/es\/wp-json\/wp\/v2\/types\/product"}],"wp:featuredmedia":[{"embeddable":true,"href":"https:\/\/shinemusicshop.com\/es\/wp-json\/wp\/v2\/media\/8247"}],"wp:attachment":[{"href":"https:\/\/shinemusicshop.com\/es\/wp-json\/wp\/v2\/media?parent=8133"}],"wp:term":[{"taxonomy":"product_brand","embeddable":true,"href":"https:\/\/shinemusicshop.com\/es\/wp-json\/wp\/v2\/product_brand?post=8133"},{"taxonomy":"product_cat","embeddable":true,"href":"https:\/\/shinemusicshop.com\/es\/wp-json\/wp\/v2\/product_cat?post=8133"},{"taxonomy":"product_tag","embeddable":true,"href":"https:\/\/shinemusicshop.com\/es\/wp-json\/wp\/v2\/product_tag?post=8133"}],"curies":[{"name":"wp","href":"https:\/\/api.w.org\/{rel}","templated":true}]}}